{"id":52,"date":"2022-12-20T20:26:31","date_gmt":"2022-12-20T19:26:31","guid":{"rendered":"https:\/\/safetip.200.solutions\/?post_type=product&#038;p=52"},"modified":"2023-01-23T02:47:13","modified_gmt":"2023-01-23T01:47:13","slug":"expert-klub","status":"publish","type":"product","link":"https:\/\/safetip.200.solutions\/?product=expert-klub","title":{"rendered":"EXPERT KLUB"},"content":{"rendered":"","protected":false},"excerpt":{"rendered":"<p>Toto \u010dlenstv\u00ed je pro ty, kte\u0159\u00ed se neboj\u00ed v s\u00e1zen\u00ed<\/p>\n<p>1) Velmi omezen\u00fd po\u010det \u010dlen\u016f<br \/>\n2) Online propojen\u00ed p\u0159es Telegram - v\u0161e ti doraz\u00ed na telefon<br \/>\n3) Tipy jsou konzultov\u00e1ny p\u0159\u00edmo s experty z dan\u00e9ho sportu, b\u00fdval\u00fdmi ale i sou\u010dasn\u00fdmi profi sportovci<\/p>\n","protected":false},"featured_media":180,"template":"","meta":{"inline_featured_image":false},"product_brand":[],"product_cat":[30],"product_tag":[],"class_list":{"0":"post-52","1":"product","2":"type-product","3":"status-publish","4":"has-post-thumbnail","6":"product_cat-expert","8":"first","9":"instock","10":"virtual","11":"sold-individually","12":"purchasable","13":"product-type-simple"},"acf":[],"_links":{"self":[{"href":"https:\/\/safetip.200.solutions\/index.php?rest_route=\/wp\/v2\/product\/52","targetHints":{"allow":["GET"]}}],"collection":[{"href":"https:\/\/safetip.200.solutions\/index.php?rest_route=\/wp\/v2\/product"}],"about":[{"href":"https:\/\/safetip.200.solutions\/index.php?rest_route=\/wp\/v2\/types\/product"}],"wp:featuredmedia":[{"embeddable":true,"href":"https:\/\/safetip.200.solutions\/index.php?rest_route=\/wp\/v2\/media\/180"}],"wp:attachment":[{"href":"https:\/\/safetip.200.solutions\/index.php?rest_route=%2Fwp%2Fv2%2Fmedia&parent=52"}],"wp:term":[{"taxonomy":"product_brand","embeddable":true,"href":"https:\/\/safetip.200.solutions\/index.php?rest_route=%2Fwp%2Fv2%2Fproduct_brand&post=52"},{"taxonomy":"product_cat","embeddable":true,"href":"https:\/\/safetip.200.solutions\/index.php?rest_route=%2Fwp%2Fv2%2Fproduct_cat&post=52"},{"taxonomy":"product_tag","embeddable":true,"href":"https:\/\/safetip.200.solutions\/index.php?rest_route=%2Fwp%2Fv2%2Fproduct_tag&post=52"}],"curies":[{"name":"wp","href":"https:\/\/api.w.org\/{rel}","templated":true}]}}